{"id":1167,"date":"2026-01-09T20:50:11","date_gmt":"2026-01-09T20:50:11","guid":{"rendered":"https:\/\/mimoscosmeticanatural.com\/?post_type=product&#038;p=1167"},"modified":"2026-02-05T15:13:56","modified_gmt":"2026-02-05T15:13:56","slug":"set-shampoo-conditioner-coconut","status":"publish","type":"product","link":"https:\/\/mimoscosmeticanatural.com\/en\/product\/set-shampoo-conditioner-coconut\/","title":{"rendered":"Coconut Shampoo and Conditioner Bar Set"},"content":{"rendered":"<p>Ideal set for dry or dehydrated hair care. The coconut shampoo bar gently cleanses while moisturizing and softening the hair, and the conditioner bar provides deep nourishment, softness, and easy detangling. Formulated with natural ingredients, this set leaves hair more manageable, silky, and with a delicate tropical fragrance.<\/p>","protected":false},"excerpt":{"rendered":"<p>Set ideal para el cuidado del cabello seco o deshidratado. El champ\u00fa en barra de coco limpia de forma suave [&hellip;]<\/p>","protected":false},"featured_media":1168,"comment_status":"open","ping_status":"closed","template":"","meta":{"site-sidebar-layout":"default","site-content-layout":"","ast-site-content-layout":"default","site-content-style":"default","site-sidebar-style":"default","ast-global-header-display":"","ast-banner-title-visibility":"","ast-main-header-display":"","ast-hfb-above-header-display":"","ast-hfb-below-header-display":"","ast-hfb-mobile-header-display":"","site-post-title":"","ast-breadcrumbs-content":"","ast-featured-img":"","footer-sml-layout":"","ast-disable-related-posts":"","theme-transparent-header-meta":"default","adv-header-id-meta":"","stick-header-meta":"","header-above-stick-meta":"","header-main-stick-meta":"","header-below-stick-meta":"","astra-migrate-meta-layouts":"set","ast-page-background-enabled":"default","ast-page-background-meta":{"desktop":{"background-color":"var(--ast-global-color-5)","background-image":"","background-repeat":"repeat","background-position":"center center","background-size":"auto","background-attachment":"scroll","background-type":"","background-media":"","overlay-type":"","overlay-color":"","overlay-opacity":"","overlay-gradient":""},"tablet":{"background-color":"","background-image":"","background-repeat":"repeat","background-position":"center center","background-size":"auto","background-attachment":"scroll","background-type":"","background-media":"","overlay-type":"","overlay-color":"","overlay-opacity":"","overlay-gradient":""},"mobile":{"background-color":"","background-image":"","background-repeat":"repeat","background-position":"center center","background-size":"auto","background-attachment":"scroll","background-type":"","background-media":"","overlay-type":"","overlay-color":"","overlay-opacity":"","overlay-gradient":""}},"ast-content-background-meta":{"desktop":{"background-color":"var(--ast-global-color-4)","background-image":"","background-repeat":"repeat","background-position":"center center","background-size":"auto","background-attachment":"scroll","background-type":"","background-media":"","overlay-type":"","overlay-color":"","overlay-opacity":"","overlay-gradient":""},"tablet":{"background-color":"var(--ast-global-color-4)","background-image":"","background-repeat":"repeat","background-position":"center center","background-size":"auto","background-attachment":"scroll","background-type":"","background-media":"","overlay-type":"","overlay-color":"","overlay-opacity":"","overlay-gradient":""},"mobile":{"background-color":"var(--ast-global-color-4)","background-image":"","background-repeat":"repeat","background-position":"center center","background-size":"auto","background-attachment":"scroll","background-type":"","background-media":"","overlay-type":"","overlay-color":"","overlay-opacity":"","overlay-gradient":""}}},"product_brand":[],"product_cat":[22,21],"product_tag":[],"class_list":{"0":"post-1167","1":"product","2":"type-product","3":"status-publish","4":"has-post-thumbnail","6":"product_cat-acondicionadores","7":"product_cat-champus-barra","8":"desktop-align-left","9":"tablet-align-left","10":"mobile-align-left","12":"first","13":"instock","14":"shipping-taxable","15":"purchasable","16":"product-type-simple"},"yoast_head":"<!-- This site is optimized with the Yoast SEO plugin v26.9 - https:\/\/yoast.com\/product\/yoast-seo-wordpress\/ -->\n<title>Set Champ\u00fa y Acondicionador en barra de Coco | MIMOS | Cosm\u00e9tica Natural<\/title>\n<meta name=\"robots\" content=\"index, follow, max-snippet:-1, max-image-preview:large, max-video-preview:-1\" \/>\n<link rel=\"canonical\" href=\"https:\/\/mimoscosmeticanatural.com\/en\/product\/set-shampoo-conditioner-coconut\/\" \/>\n<meta property=\"og:locale\" content=\"en_US\" \/>\n<meta property=\"og:type\" content=\"article\" \/>\n<meta property=\"og:title\" content=\"Set Champ\u00fa y Acondicionador en barra de Coco | MIMOS | Cosm\u00e9tica Natural\" \/>\n<meta property=\"og:description\" content=\"Set ideal para el cuidado del cabello seco o deshidratado. El champ\u00fa en barra de coco limpia de forma suave [&hellip;]\" \/>\n<meta property=\"og:url\" content=\"https:\/\/mimoscosmeticanatural.com\/en\/product\/set-shampoo-conditioner-coconut\/\" \/>\n<meta property=\"og:site_name\" content=\"MIMOS | Cosm\u00e9tica Natural\" \/>\n<meta property=\"article:modified_time\" content=\"2026-02-05T15:13:56+00:00\" \/>\n<meta property=\"og:image\" content=\"https:\/\/mimoscosmeticanatural.com\/wp-content\/uploads\/2026\/01\/21217-scaled.jpg\" \/>\n\t<meta property=\"og:image:width\" content=\"1920\" \/>\n\t<meta property=\"og:image:height\" content=\"2560\" \/>\n\t<meta property=\"og:image:type\" content=\"image\/jpeg\" \/>\n<meta name=\"twitter:card\" content=\"summary_large_image\" \/>\n<script type=\"application\/ld+json\" class=\"yoast-schema-graph\">{\"@context\":\"https:\/\/schema.org\",\"@graph\":[{\"@type\":\"WebPage\",\"@id\":\"https:\/\/mimoscosmeticanatural.com\/producto\/set-champu-acondicionador-coco\/\",\"url\":\"https:\/\/mimoscosmeticanatural.com\/producto\/set-champu-acondicionador-coco\/\",\"name\":\"Set Champ\u00fa y Acondicionador en barra de Coco | MIMOS | Cosm\u00e9tica Natural\",\"isPartOf\":{\"@id\":\"https:\/\/mimoscosmeticanatural.com\/#website\"},\"primaryImageOfPage\":{\"@id\":\"https:\/\/mimoscosmeticanatural.com\/producto\/set-champu-acondicionador-coco\/#primaryimage\"},\"image\":{\"@id\":\"https:\/\/mimoscosmeticanatural.com\/producto\/set-champu-acondicionador-coco\/#primaryimage\"},\"thumbnailUrl\":\"https:\/\/mimoscosmeticanatural.com\/wp-content\/uploads\/2026\/01\/21217-scaled.jpg\",\"datePublished\":\"2026-01-09T20:50:11+00:00\",\"dateModified\":\"2026-02-05T15:13:56+00:00\",\"breadcrumb\":{\"@id\":\"https:\/\/mimoscosmeticanatural.com\/producto\/set-champu-acondicionador-coco\/#breadcrumb\"},\"inLanguage\":\"en-US\",\"potentialAction\":[{\"@type\":\"ReadAction\",\"target\":[\"https:\/\/mimoscosmeticanatural.com\/producto\/set-champu-acondicionador-coco\/\"]}]},{\"@type\":\"ImageObject\",\"inLanguage\":\"en-US\",\"@id\":\"https:\/\/mimoscosmeticanatural.com\/producto\/set-champu-acondicionador-coco\/#primaryimage\",\"url\":\"https:\/\/mimoscosmeticanatural.com\/wp-content\/uploads\/2026\/01\/21217-scaled.jpg\",\"contentUrl\":\"https:\/\/mimoscosmeticanatural.com\/wp-content\/uploads\/2026\/01\/21217-scaled.jpg\",\"width\":1920,\"height\":2560},{\"@type\":\"BreadcrumbList\",\"@id\":\"https:\/\/mimoscosmeticanatural.com\/producto\/set-champu-acondicionador-coco\/#breadcrumb\",\"itemListElement\":[{\"@type\":\"ListItem\",\"position\":1,\"name\":\"Inicio\",\"item\":\"https:\/\/mimoscosmeticanatural.com\/\"},{\"@type\":\"ListItem\",\"position\":2,\"name\":\"Tienda\",\"item\":\"https:\/\/mimoscosmeticanatural.com\/tienda\/\"},{\"@type\":\"ListItem\",\"position\":3,\"name\":\"Set Champ\u00fa y Acondicionador en barra de Coco\"}]},{\"@type\":\"WebSite\",\"@id\":\"https:\/\/mimoscosmeticanatural.com\/#website\",\"url\":\"https:\/\/mimoscosmeticanatural.com\/\",\"name\":\"MIMOS | Cosm\u00e9tica Natural\",\"description\":\"\",\"publisher\":{\"@id\":\"https:\/\/mimoscosmeticanatural.com\/#organization\"},\"potentialAction\":[{\"@type\":\"SearchAction\",\"target\":{\"@type\":\"EntryPoint\",\"urlTemplate\":\"https:\/\/mimoscosmeticanatural.com\/?s={search_term_string}\"},\"query-input\":{\"@type\":\"PropertyValueSpecification\",\"valueRequired\":true,\"valueName\":\"search_term_string\"}}],\"inLanguage\":\"en-US\"},{\"@type\":\"Organization\",\"@id\":\"https:\/\/mimoscosmeticanatural.com\/#organization\",\"name\":\"MIMOS Cosm\u00e9tica Natural\",\"url\":\"https:\/\/mimoscosmeticanatural.com\/\",\"logo\":{\"@type\":\"ImageObject\",\"inLanguage\":\"en-US\",\"@id\":\"https:\/\/mimoscosmeticanatural.com\/#\/schema\/logo\/image\/\",\"url\":\"https:\/\/mimoscosmeticanatural.com\/wp-content\/uploads\/2025\/10\/Group-1-6.png\",\"contentUrl\":\"https:\/\/mimoscosmeticanatural.com\/wp-content\/uploads\/2025\/10\/Group-1-6.png\",\"width\":909,\"height\":909,\"caption\":\"MIMOS Cosm\u00e9tica Natural\"},\"image\":{\"@id\":\"https:\/\/mimoscosmeticanatural.com\/#\/schema\/logo\/image\/\"}}]}<\/script>\n<!-- \/ Yoast SEO plugin. -->","yoast_head_json":{"title":"Coconut Shampoo and Conditioner Bar Set | MIMOS | Natural Cosmetics","robots":{"index":"index","follow":"follow","max-snippet":"max-snippet:-1","max-image-preview":"max-image-preview:large","max-video-preview":"max-video-preview:-1"},"canonical":"https:\/\/mimoscosmeticanatural.com\/en\/product\/set-shampoo-conditioner-coconut\/","og_locale":"en_US","og_type":"article","og_title":"Set Champ\u00fa y Acondicionador en barra de Coco | MIMOS | Cosm\u00e9tica Natural","og_description":"Set ideal para el cuidado del cabello seco o deshidratado. El champ\u00fa en barra de coco limpia de forma suave [&hellip;]","og_url":"https:\/\/mimoscosmeticanatural.com\/en\/product\/set-shampoo-conditioner-coconut\/","og_site_name":"MIMOS | Cosm\u00e9tica Natural","article_modified_time":"2026-02-05T15:13:56+00:00","og_image":[{"width":1920,"height":2560,"url":"https:\/\/mimoscosmeticanatural.com\/wp-content\/uploads\/2026\/01\/21217-scaled.jpg","type":"image\/jpeg"}],"twitter_card":"summary_large_image","schema":{"@context":"https:\/\/schema.org","@graph":[{"@type":"WebPage","@id":"https:\/\/mimoscosmeticanatural.com\/producto\/set-champu-acondicionador-coco\/","url":"https:\/\/mimoscosmeticanatural.com\/producto\/set-champu-acondicionador-coco\/","name":"Coconut Shampoo and Conditioner Bar Set | MIMOS | Natural Cosmetics","isPartOf":{"@id":"https:\/\/mimoscosmeticanatural.com\/#website"},"primaryImageOfPage":{"@id":"https:\/\/mimoscosmeticanatural.com\/producto\/set-champu-acondicionador-coco\/#primaryimage"},"image":{"@id":"https:\/\/mimoscosmeticanatural.com\/producto\/set-champu-acondicionador-coco\/#primaryimage"},"thumbnailUrl":"https:\/\/mimoscosmeticanatural.com\/wp-content\/uploads\/2026\/01\/21217-scaled.jpg","datePublished":"2026-01-09T20:50:11+00:00","dateModified":"2026-02-05T15:13:56+00:00","breadcrumb":{"@id":"https:\/\/mimoscosmeticanatural.com\/producto\/set-champu-acondicionador-coco\/#breadcrumb"},"inLanguage":"en-US","potentialAction":[{"@type":"ReadAction","target":["https:\/\/mimoscosmeticanatural.com\/producto\/set-champu-acondicionador-coco\/"]}]},{"@type":"ImageObject","inLanguage":"en-US","@id":"https:\/\/mimoscosmeticanatural.com\/producto\/set-champu-acondicionador-coco\/#primaryimage","url":"https:\/\/mimoscosmeticanatural.com\/wp-content\/uploads\/2026\/01\/21217-scaled.jpg","contentUrl":"https:\/\/mimoscosmeticanatural.com\/wp-content\/uploads\/2026\/01\/21217-scaled.jpg","width":1920,"height":2560},{"@type":"BreadcrumbList","@id":"https:\/\/mimoscosmeticanatural.com\/producto\/set-champu-acondicionador-coco\/#breadcrumb","itemListElement":[{"@type":"ListItem","position":1,"name":"Inicio","item":"https:\/\/mimoscosmeticanatural.com\/"},{"@type":"ListItem","position":2,"name":"Tienda","item":"https:\/\/mimoscosmeticanatural.com\/tienda\/"},{"@type":"ListItem","position":3,"name":"Set Champ\u00fa y Acondicionador en barra de Coco"}]},{"@type":"WebSite","@id":"https:\/\/mimoscosmeticanatural.com\/#website","url":"https:\/\/mimoscosmeticanatural.com\/","name":"MIMOS | Cosm\u00e9tica Natural","description":"","publisher":{"@id":"https:\/\/mimoscosmeticanatural.com\/#organization"},"potentialAction":[{"@type":"SearchAction","target":{"@type":"EntryPoint","urlTemplate":"https:\/\/mimoscosmeticanatural.com\/?s={search_term_string}"},"query-input":{"@type":"PropertyValueSpecification","valueRequired":true,"valueName":"search_term_string"}}],"inLanguage":"en-US"},{"@type":"Organization","@id":"https:\/\/mimoscosmeticanatural.com\/#organization","name":"MIMOS Cosm\u00e9tica Natural","url":"https:\/\/mimoscosmeticanatural.com\/","logo":{"@type":"ImageObject","inLanguage":"en-US","@id":"https:\/\/mimoscosmeticanatural.com\/#\/schema\/logo\/image\/","url":"https:\/\/mimoscosmeticanatural.com\/wp-content\/uploads\/2025\/10\/Group-1-6.png","contentUrl":"https:\/\/mimoscosmeticanatural.com\/wp-content\/uploads\/2025\/10\/Group-1-6.png","width":909,"height":909,"caption":"MIMOS Cosm\u00e9tica Natural"},"image":{"@id":"https:\/\/mimoscosmeticanatural.com\/#\/schema\/logo\/image\/"}}]}},"_links":{"self":[{"href":"https:\/\/mimoscosmeticanatural.com\/en\/wp-json\/wp\/v2\/product\/1167","targetHints":{"allow":["GET"]}}],"collection":[{"href":"https:\/\/mimoscosmeticanatural.com\/en\/wp-json\/wp\/v2\/product"}],"about":[{"href":"https:\/\/mimoscosmeticanatural.com\/en\/wp-json\/wp\/v2\/types\/product"}],"replies":[{"embeddable":true,"href":"https:\/\/mimoscosmeticanatural.com\/en\/wp-json\/wp\/v2\/comments?post=1167"}],"wp:featuredmedia":[{"embeddable":true,"href":"https:\/\/mimoscosmeticanatural.com\/en\/wp-json\/wp\/v2\/media\/1168"}],"wp:attachment":[{"href":"https:\/\/mimoscosmeticanatural.com\/en\/wp-json\/wp\/v2\/media?parent=1167"}],"wp:term":[{"taxonomy":"product_brand","embeddable":true,"href":"https:\/\/mimoscosmeticanatural.com\/en\/wp-json\/wp\/v2\/product_brand?post=1167"},{"taxonomy":"product_cat","embeddable":true,"href":"https:\/\/mimoscosmeticanatural.com\/en\/wp-json\/wp\/v2\/product_cat?post=1167"},{"taxonomy":"product_tag","embeddable":true,"href":"https:\/\/mimoscosmeticanatural.com\/en\/wp-json\/wp\/v2\/product_tag?post=1167"}],"curies":[{"name":"wp","href":"https:\/\/api.w.org\/{rel}","templated":true}]}}