{"id":77,"date":"2025-10-21T14:12:34","date_gmt":"2025-10-21T14:12:34","guid":{"rendered":"https:\/\/mimoscosmeticanatural.com\/?page_id=77"},"modified":"2025-11-03T17:07:36","modified_gmt":"2025-11-03T17:07:36","slug":"blog","status":"publish","type":"page","link":"https:\/\/mimoscosmeticanatural.com\/en\/blog\/","title":{"rendered":"Blog"},"content":{"rendered":"\t\t<div data-elementor-type=\"wp-page\" data-elementor-id=\"77\" class=\"elementor elementor-77\" data-elementor-post-type=\"page\">\n\t\t\t\t<div class=\"elementor-element elementor-element-c349dad e-con-full e-flex e-con e-parent\" data-id=\"c349dad\" data-element_type=\"container\" data-e-type=\"container\">\n\t\t\t\t<div class=\"elementor-element elementor-element-fc40a97 elementor-widget elementor-widget-heading\" data-id=\"fc40a97\" data-element_type=\"widget\" data-e-type=\"widget\" data-widget_type=\"heading.default\">\n\t\t\t\t\t<h1 class=\"elementor-heading-title elementor-size-default\">Blog de productos naturales para el cabello, belleza sostenible y cuidado ecol\u00f3gico<\/h1>\t\t\t\t<\/div>\n\t\t\t\t<div class=\"elementor-element elementor-element-a34f493 elementor-widget elementor-widget-heading\" data-id=\"a34f493\" data-element_type=\"widget\" data-e-type=\"widget\" data-widget_type=\"heading.default\">\n\t\t\t\t\t<h2 class=\"elementor-heading-title elementor-size-default\">Consejos, remedios naturales y tips ecol\u00f3gicos de MIMOS Cosm\u00e9tica Natural<\/h2>\t\t\t\t<\/div>\n\t\t\t\t<\/div>\n\t\t<section class=\"elementor-element elementor-element-417c99c e-con-full e-flex e-con e-parent\" data-id=\"417c99c\" data-element_type=\"container\" data-e-type=\"container\">\n\t\t\t\t<div class=\"elementor-element elementor-element-1bd82ee elementor-widget elementor-widget-heading\" data-id=\"1bd82ee\" data-element_type=\"widget\" data-e-type=\"widget\" data-widget_type=\"heading.default\">\n\t\t\t\t\t<h3 class=\"elementor-heading-title elementor-size-default\">Consejos y tips de cuidado<\/h3>\t\t\t\t<\/div>\n\t\t\t\t<div class=\"elementor-element elementor-element-bbc265b elementor-grid-2 elementor-grid-tablet-2 elementor-grid-mobile-1 elementor-widget elementor-widget-loop-grid\" data-id=\"bbc265b\" data-element_type=\"widget\" data-e-type=\"widget\" data-settings=\"{&quot;template_id&quot;:970,&quot;columns&quot;:2,&quot;pagination_type&quot;:&quot;load_more_infinite_scroll&quot;,&quot;_skin&quot;:&quot;post&quot;,&quot;columns_tablet&quot;:&quot;2&quot;,&quot;columns_mobile&quot;:&quot;1&quot;,&quot;edit_handle_selector&quot;:&quot;[data-elementor-type=\\&quot;loop-item\\&quot;]&quot;,&quot;load_more_spinner&quot;:{&quot;value&quot;:&quot;fas fa-spinner&quot;,&quot;library&quot;:&quot;fa-solid&quot;},&quot;row_gap&quot;:{&quot;unit&quot;:&quot;px&quot;,&quot;size&quot;:&quot;&quot;,&quot;sizes&quot;:[]},&quot;row_gap_widescreen&quot;:{&quot;unit&quot;:&quot;px&quot;,&quot;size&quot;:&quot;&quot;,&quot;sizes&quot;:[]},&quot;row_gap_tablet_extra&quot;:{&quot;unit&quot;:&quot;px&quot;,&quot;size&quot;:&quot;&quot;,&quot;sizes&quot;:[]},&quot;row_gap_tablet&quot;:{&quot;unit&quot;:&quot;px&quot;,&quot;size&quot;:&quot;&quot;,&quot;sizes&quot;:[]},&quot;row_gap_mobile_extra&quot;:{&quot;unit&quot;:&quot;px&quot;,&quot;size&quot;:&quot;&quot;,&quot;sizes&quot;:[]},&quot;row_gap_mobile&quot;:{&quot;unit&quot;:&quot;px&quot;,&quot;size&quot;:&quot;&quot;,&quot;sizes&quot;:[]}}\" data-widget_type=\"loop-grid.post\">\n\t\t\t\t<div class=\"elementor-widget-container\">\n\t\t\t\t\t\t\t<div class=\"elementor-loop-container elementor-grid\" role=\"list\">\n\t\t<style id=\"loop-970\">.elementor-970 .elementor-element.elementor-element-0217db2{--display:flex;}.elementor-widget-ucaddon_image_zoom_content_box .uc_title{font-family:var( --e-global-typography-text-font-family ), Sans-serif;font-size:var( --e-global-typography-text-font-size );font-weight:var( --e-global-typography-text-font-weight );line-height:var( --e-global-typography-text-line-height );letter-spacing:var( --e-global-typography-text-letter-spacing );}.elementor-widget-ucaddon_image_zoom_content_box .uc_content{font-family:var( --e-global-typography-text-font-family ), Sans-serif;font-size:var( --e-global-typography-text-font-size );font-weight:var( --e-global-typography-text-font-weight );line-height:var( --e-global-typography-text-line-height );letter-spacing:var( --e-global-typography-text-letter-spacing );}.elementor-widget-ucaddon_image_zoom_content_box .uc_more{font-family:var( --e-global-typography-text-font-family ), Sans-serif;font-size:var( --e-global-typography-text-font-size );font-weight:var( --e-global-typography-text-font-weight );line-height:var( --e-global-typography-text-line-height );letter-spacing:var( --e-global-typography-text-letter-spacing );}.elementor-widget-ucaddon_image_zoom_content_box .ue-badge{font-family:var( --e-global-typography-text-font-family ), Sans-serif;font-size:var( --e-global-typography-text-font-size );font-weight:var( --e-global-typography-text-font-weight );line-height:var( --e-global-typography-text-line-height );letter-spacing:var( --e-global-typography-text-letter-spacing );}.elementor-970 .elementor-element.elementor-element-f59c0d6 .ue-box{flex-direction:column;text-align:left;}.elementor-970 .elementor-element.elementor-element-f59c0d6 .uc_content_box_zoom_effect,.elementor-970 .elementor-element.elementor-element-f59c0d6 .uc_content_box_zoom_effect *{transition:all 800ms ease 0s;}.elementor-970 .elementor-element.elementor-element-f59c0d6 .uc_content_box_zoom_effect_content{padding:20px 20px 20px 20px;background-color:#ffffff;}.elementor-970 .elementor-element.elementor-element-f59c0d6 .uc_content_box_zoom_effect{border-style:solid;border-width:1px 1px 1px 1px;border-color:var( --e-global-color-text );border-radius:0px;}.elementor-970 .elementor-element.elementor-element-f59c0d6 .uc_content_box_zoom_effect_image{height:251px;}.elementor-970 .elementor-element.elementor-element-f59c0d6 .uc_thumbnail{width:100%;background-color:#c3c3c3;}.elementor-970 .elementor-element.elementor-element-f59c0d6 .uc_image{opacity:100%;}.elementor-970 .elementor-element.elementor-element-f59c0d6 .uc_content_box_zoom_effect:hover .uc_image{opacity:100%;transform:scale(calc(1 + 20 \/ 100));}.elementor-970 .elementor-element.elementor-element-f59c0d6 .uc_title{color:var( --e-global-color-text );font-family:\"Poppins\", Sans-serif;font-size:20px;font-weight:300;text-transform:uppercase;letter-spacing:3.9px;margin-top:0px;}.elementor-970 .elementor-element.elementor-element-f59c0d6 .uc_content{font-family:\"Poppins\", Sans-serif;font-size:13px;font-weight:400;line-height:16px;letter-spacing:-0.1px;color:#000000;margin-top:10px;}@media(max-width:1200px){.elementor-970 .elementor-element.elementor-element-f59c0d6 .uc_title{font-size:20px;}}@media(min-width:1905px){.elementor-widget-ucaddon_image_zoom_content_box .uc_title{font-size:var( --e-global-typography-text-font-size );line-height:var( --e-global-typography-text-line-height );letter-spacing:var( --e-global-typography-text-letter-spacing );}.elementor-widget-ucaddon_image_zoom_content_box .uc_content{font-size:var( --e-global-typography-text-font-size );line-height:var( --e-global-typography-text-line-height );letter-spacing:var( --e-global-typography-text-letter-spacing );}.elementor-widget-ucaddon_image_zoom_content_box .uc_more{font-size:var( --e-global-typography-text-font-size );line-height:var( --e-global-typography-text-line-height );letter-spacing:var( --e-global-typography-text-letter-spacing );}.elementor-widget-ucaddon_image_zoom_content_box .ue-badge{font-size:var( --e-global-typography-text-font-size );line-height:var( --e-global-typography-text-line-height );letter-spacing:var( --e-global-typography-text-letter-spacing );}}@media(max-width:1024px){.elementor-widget-ucaddon_image_zoom_content_box .uc_title{font-size:var( --e-global-typography-text-font-size );line-height:var( --e-global-typography-text-line-height );letter-spacing:var( --e-global-typography-text-letter-spacing );}.elementor-widget-ucaddon_image_zoom_content_box .uc_content{font-size:var( --e-global-typography-text-font-size );line-height:var( --e-global-typography-text-line-height );letter-spacing:var( --e-global-typography-text-letter-spacing );}.elementor-widget-ucaddon_image_zoom_content_box .uc_more{font-size:var( --e-global-typography-text-font-size );line-height:var( --e-global-typography-text-line-height );letter-spacing:var( --e-global-typography-text-letter-spacing );}.elementor-widget-ucaddon_image_zoom_content_box .ue-badge{font-size:var( --e-global-typography-text-font-size );line-height:var( --e-global-typography-text-line-height );letter-spacing:var( --e-global-typography-text-letter-spacing );}}@media(max-width:880px){.elementor-970 .elementor-element.elementor-element-f59c0d6 .uc_content_box_zoom_effect_image{height:181px;}}@media(max-width:767px){.elementor-widget-ucaddon_image_zoom_content_box .uc_title{font-size:var( --e-global-typography-text-font-size );line-height:var( --e-global-typography-text-line-height );letter-spacing:var( --e-global-typography-text-letter-spacing );}.elementor-widget-ucaddon_image_zoom_content_box .uc_content{font-size:var( --e-global-typography-text-font-size );line-height:var( --e-global-typography-text-line-height );letter-spacing:var( --e-global-typography-text-letter-spacing );}.elementor-widget-ucaddon_image_zoom_content_box .uc_more{font-size:var( --e-global-typography-text-font-size );line-height:var( --e-global-typography-text-line-height );letter-spacing:var( --e-global-typography-text-letter-spacing );}.elementor-widget-ucaddon_image_zoom_content_box .ue-badge{font-size:var( --e-global-typography-text-font-size );line-height:var( --e-global-typography-text-line-height );letter-spacing:var( --e-global-typography-text-letter-spacing );}.elementor-970 .elementor-element.elementor-element-f59c0d6 .uc_title{font-size:19px;}}\/* Start custom CSS for ucaddon_image_zoom_content_box, class: .elementor-element-f59c0d6 *\/.uc_title {\n    font-size: 19px!important;\n    text-decoration: none!important;\n    line-height: 25px!important\n}\n.elementor-970 .elementor-element.elementor-element-f59c0d6 a {\n    text-decoration: none!important;\n}\n@media only screen and (max-width: 880px) {\n    .uc_title {\n        font-size: 14px!important;\n        line-height: 20px!important\n    }\n}\/* End custom CSS *\/<\/style>\t\t<div data-elementor-type=\"loop-item\" data-elementor-id=\"970\" class=\"elementor elementor-970 e-loop-item e-loop-item-968 post-968 post type-post status-publish format-standard has-post-thumbnail hentry category-uncategorized\" data-elementor-post-type=\"elementor_library\" data-custom-edit-handle=\"1\">\n\t\t\t<div class=\"elementor-element elementor-element-0217db2 e-flex e-con-boxed e-con e-parent\" data-id=\"0217db2\" data-element_type=\"container\" data-e-type=\"container\">\n\t\t\t\t\t<div class=\"e-con-inner\">\n\t\t\t\t<div class=\"elementor-element elementor-element-f59c0d6 elementor-widget elementor-widget-ucaddon_image_zoom_content_box\" data-id=\"f59c0d6\" data-element_type=\"widget\" data-e-type=\"widget\" data-widget_type=\"ucaddon_image_zoom_content_box.default\">\n\t\t\t\t<div class=\"elementor-widget-container\">\n\t\t\t\t\t\n<!-- start Image Zoom Content Box -->\n<style>\/* widget: Image Zoom Content Box *\/\n\n#uc_image_zoom_content_box_elementor_f59c0d6 {\n\tbackground-color: #fff;\n    overflow:hidden;\n    display:flex;\n    direction:ltr!important;\n}\n#uc_image_zoom_content_box_elementor_f59c0d6 .uc_content_box_zoom_effect_image\n{\nobject-fit:cover;\n}\n#uc_image_zoom_content_box_elementor_f59c0d6 .uc_thumbnail {\n\tdisplay: block;\n\toverflow: hidden;\n\ttext-decoration: none;\n    flex-shrink:0;\n    flex-grow:0;\n}\n#uc_image_zoom_content_box_elementor_f59c0d6 .uc_image {\n\twidth: 100%;\n    mix-blend-mode: normal;\n    object-position: center center;\n    display:block;\n}\n\n#uc_image_zoom_content_box_elementor_f59c0d6 .uc_title {\n\tdisplay: block;\n\tfont-size: 24px;\n\ttext-decoration: none;\n}\n\n#uc_image_zoom_content_box_elementor_f59c0d6 .uc_content {\n\tline-height:1.5em;\n}\n\n\n\n\n\n<\/style>\n\n<div class=\"uc_content_box_zoom_effect ue-box ue-boxcolumn\" id=\"uc_image_zoom_content_box_elementor_f59c0d6\"> \n  \n    <div class=\"uc_thumbnail\">\n      <a href=\"https:\/\/mimoscosmeticanatural.com\/en\/cuidar-cabello-shampoo-barra\/\" >  \t      <img fetchpriority=\"high\" decoding=\"async\" class=\"uc_image uc_content_box_zoom_effect_image\" src=\"https:\/\/mimoscosmeticanatural.com\/wp-content\/uploads\/2025\/10\/Diseno-sin-titulo-26.png\"  src=\"https:\/\/mimoscosmeticanatural.com\/wp-content\/uploads\/2025\/10\/Diseno-sin-titulo-26.png\" alt=\"Dise\u00f1o sin t\u00edtulo (26)\" width=\"1800\" height=\"1191\" \/>\n      <\/a>    <\/div>\n  \n  <div class=\"uc_content_box_zoom_effect_content\">\n                 <a href=\"https:\/\/mimoscosmeticanatural.com\/en\/cuidar-cabello-shampoo-barra\/ \" >                   <h3 class=\"uc_title\">C\u00f3mo cuidar tu cabello con shampoo en barra (y por qu\u00e9 amar\u00e1s el cambio) \ud83d\udc9a<\/h3>\n        <\/a>        <div class=\"uc_content\"><p>Cada vez m\u00e1s personas est\u00e1n dejando atr\u00e1s los envases de pl\u00e1stico y eligiendo los shampoos en barra. No solo son [&hellip;]<\/p><\/div>      <\/div>\n    \n      \n<\/div>\n<!-- end Image Zoom Content Box -->\t\t\t\t<\/div>\n\t\t\t\t<\/div>\n\t\t\t\t\t<\/div>\n\t\t\t\t<\/div>\n\t\t\t\t<\/div>\n\t\t\t\t<\/div>\n\t\t\t\t\t<span class=\"e-load-more-spinner\">\n\t\t\t\t<svg aria-hidden=\"true\" class=\"e-font-icon-svg e-fas-spinner\" viewBox=\"0 0 512 512\" xmlns=\"http:\/\/www.w3.org\/2000\/svg\"><path d=\"M304 48c0 26.51-21.49 48-48 48s-48-21.49-48-48 21.49-48 48-48 48 21.49 48 48zm-48 368c-26.51 0-48 21.49-48 48s21.49 48 48 48 48-21.49 48-48-21.49-48-48-48zm208-208c-26.51 0-48 21.49-48 48s21.49 48 48 48 48-21.49 48-48-21.49-48-48-48zM96 256c0-26.51-21.49-48-48-48S0 229.49 0 256s21.49 48 48 48 48-21.49 48-48zm12.922 99.078c-26.51 0-48 21.49-48 48s21.49 48 48 48 48-21.49 48-48c0-26.509-21.491-48-48-48zm294.156 0c-26.51 0-48 21.49-48 48s21.49 48 48 48 48-21.49 48-48c0-26.509-21.49-48-48-48zM108.922 60.922c-26.51 0-48 21.49-48 48s21.49 48 48 48 48-21.49 48-48-21.491-48-48-48z\"><\/path><\/svg>\t\t\t<\/span>\n\t\t\n\t\t\t\t\t\t<\/div>\n\t\t\t\t<\/div>\n\t\t\t\t<\/section>\n\t\t\t\t<\/div>\n\t\t","protected":false},"excerpt":{"rendered":"<p>Blog de productos naturales para el cabello, belleza sostenible y cuidado ecol\u00f3gico Consejos, remedios naturales y tips ecol\u00f3gicos de MIMOS [&hellip;]<\/p>\n","protected":false},"author":1,"featured_media":0,"parent":0,"menu_order":0,"comment_status":"closed","ping_status":"closed","template":"","meta":{"site-sidebar-layout":"no-sidebar","site-content-layout":"","ast-site-content-layout":"full-width-container","site-content-style":"default","site-sidebar-style":"default","ast-global-header-display":"","ast-banner-title-visibility":"","ast-main-header-display":"","ast-hfb-above-header-display":"","ast-hfb-below-header-display":"","ast-hfb-mobile-header-display":"","site-post-title":"disabled","ast-breadcrumbs-content":"","ast-featured-img":"disabled","footer-sml-layout":"","ast-disable-related-posts":"","theme-transparent-header-meta":"default","adv-header-id-meta":"","stick-header-meta":"","header-above-stick-meta":"","header-main-stick-meta":"","header-below-stick-meta":"","astra-migrate-meta-layouts":"set","ast-page-background-enabled":"default","ast-page-background-meta":{"desktop":{"background-color":"var(--ast-global-color-5)","background-image":"","background-repeat":"repeat","background-position":"center center","background-size":"auto","background-attachment":"scroll","background-type":"","background-media":"","overlay-type":"","overlay-color":"","overlay-opacity":"","overlay-gradient":""},"tablet":{"background-color":"","background-image":"","background-repeat":"repeat","background-position":"center center","background-size":"auto","background-attachment":"scroll","background-type":"","background-media":"","overlay-type":"","overlay-color":"","overlay-opacity":"","overlay-gradient":""},"mobile":{"background-color":"","background-image":"","background-repeat":"repeat","background-position":"center center","background-size":"auto","background-attachment":"scroll","background-type":"","background-media":"","overlay-type":"","overlay-color":"","overlay-opacity":"","overlay-gradient":""}},"ast-content-background-meta":{"desktop":{"background-color":"var(--ast-global-color-4)","background-image":"","background-repeat":"repeat","background-position":"center center","background-size":"auto","background-attachment":"scroll","background-type":"","background-media":"","overlay-type":"","overlay-color":"","overlay-opacity":"","overlay-gradient":""},"tablet":{"background-color":"var(--ast-global-color-4)","background-image":"","background-repeat":"repeat","background-position":"center center","background-size":"auto","background-attachment":"scroll","background-type":"","background-media":"","overlay-type":"","overlay-color":"","overlay-opacity":"","overlay-gradient":""},"mobile":{"background-color":"var(--ast-global-color-4)","background-image":"","background-repeat":"repeat","background-position":"center center","background-size":"auto","background-attachment":"scroll","background-type":"","background-media":"","overlay-type":"","overlay-color":"","overlay-opacity":"","overlay-gradient":""}},"footnotes":""},"class_list":["post-77","page","type-page","status-publish","hentry"],"yoast_head":"<!-- This site is optimized with the Yoast SEO plugin v27.3 - https:\/\/yoast.com\/product\/yoast-seo-wordpress\/ -->\n<title>Tips para cuidar tu cabello y piel con productos ecol\u00f3gicos | MIMOS | Cosm\u00e9tica Natural<\/title>\n<meta name=\"description\" content=\"Explora el blog de MIMOS Cosm\u00e9tica Natural. Aprende sobre shampoo s\u00f3lido, tratamientos naturales para el cabello, jabones ecol\u00f3gicos y consejos para una belleza sostenible y sin qu\u00edmicos.\" \/>\n<meta name=\"robots\" content=\"index, follow, max-snippet:-1, max-image-preview:large, max-video-preview:-1\" \/>\n<link rel=\"canonical\" href=\"https:\/\/mimoscosmeticanatural.com\/en\/blog\/\" \/>\n<meta property=\"og:locale\" content=\"en_US\" \/>\n<meta property=\"og:type\" content=\"article\" \/>\n<meta property=\"og:title\" content=\"Tips para cuidar tu cabello y piel con productos ecol\u00f3gicos | MIMOS | Cosm\u00e9tica Natural\" \/>\n<meta property=\"og:description\" content=\"Explora el blog de MIMOS Cosm\u00e9tica Natural. Aprende sobre shampoo s\u00f3lido, tratamientos naturales para el cabello, jabones ecol\u00f3gicos y consejos para una belleza sostenible y sin qu\u00edmicos.\" \/>\n<meta property=\"og:url\" content=\"https:\/\/mimoscosmeticanatural.com\/en\/blog\/\" \/>\n<meta property=\"og:site_name\" content=\"MIMOS | Cosm\u00e9tica Natural\" \/>\n<meta property=\"article:modified_time\" content=\"2025-11-03T17:07:36+00:00\" \/>\n<meta property=\"og:image\" content=\"https:\/\/mimoscosmeticanatural.com\/wp-content\/uploads\/2025\/11\/Frame-12-1.png\" \/>\n\t<meta property=\"og:image:width\" content=\"2197\" \/>\n\t<meta property=\"og:image:height\" content=\"882\" \/>\n\t<meta property=\"og:image:type\" content=\"image\/png\" \/>\n<meta name=\"twitter:card\" content=\"summary_large_image\" \/>\n<script type=\"application\/ld+json\" class=\"yoast-schema-graph\">{\"@context\":\"https:\\\/\\\/schema.org\",\"@graph\":[{\"@type\":\"WebPage\",\"@id\":\"https:\\\/\\\/mimoscosmeticanatural.com\\\/blog\\\/\",\"url\":\"https:\\\/\\\/mimoscosmeticanatural.com\\\/blog\\\/\",\"name\":\"Tips para cuidar tu cabello y piel con productos ecol\u00f3gicos | MIMOS | Cosm\u00e9tica Natural\",\"isPartOf\":{\"@id\":\"https:\\\/\\\/mimoscosmeticanatural.com\\\/#website\"},\"datePublished\":\"2025-10-21T14:12:34+00:00\",\"dateModified\":\"2025-11-03T17:07:36+00:00\",\"description\":\"Explora el blog de MIMOS Cosm\u00e9tica Natural. Aprende sobre shampoo s\u00f3lido, tratamientos naturales para el cabello, jabones ecol\u00f3gicos y consejos para una belleza sostenible y sin qu\u00edmicos.\",\"breadcrumb\":{\"@id\":\"https:\\\/\\\/mimoscosmeticanatural.com\\\/blog\\\/#breadcrumb\"},\"inLanguage\":\"en-US\",\"potentialAction\":[{\"@type\":\"ReadAction\",\"target\":[\"https:\\\/\\\/mimoscosmeticanatural.com\\\/blog\\\/\"]}]},{\"@type\":\"BreadcrumbList\",\"@id\":\"https:\\\/\\\/mimoscosmeticanatural.com\\\/blog\\\/#breadcrumb\",\"itemListElement\":[{\"@type\":\"ListItem\",\"position\":1,\"name\":\"Inicio\",\"item\":\"https:\\\/\\\/mimoscosmeticanatural.com\\\/\"},{\"@type\":\"ListItem\",\"position\":2,\"name\":\"Blog\"}]},{\"@type\":\"WebSite\",\"@id\":\"https:\\\/\\\/mimoscosmeticanatural.com\\\/#website\",\"url\":\"https:\\\/\\\/mimoscosmeticanatural.com\\\/\",\"name\":\"MIMOS | Cosm\u00e9tica Natural\",\"description\":\"\",\"publisher\":{\"@id\":\"https:\\\/\\\/mimoscosmeticanatural.com\\\/#organization\"},\"potentialAction\":[{\"@type\":\"SearchAction\",\"target\":{\"@type\":\"EntryPoint\",\"urlTemplate\":\"https:\\\/\\\/mimoscosmeticanatural.com\\\/?s={search_term_string}\"},\"query-input\":{\"@type\":\"PropertyValueSpecification\",\"valueRequired\":true,\"valueName\":\"search_term_string\"}}],\"inLanguage\":\"en-US\"},{\"@type\":\"Organization\",\"@id\":\"https:\\\/\\\/mimoscosmeticanatural.com\\\/#organization\",\"name\":\"MIMOS Cosm\u00e9tica Natural\",\"url\":\"https:\\\/\\\/mimoscosmeticanatural.com\\\/\",\"logo\":{\"@type\":\"ImageObject\",\"inLanguage\":\"en-US\",\"@id\":\"https:\\\/\\\/mimoscosmeticanatural.com\\\/#\\\/schema\\\/logo\\\/image\\\/\",\"url\":\"https:\\\/\\\/mimoscosmeticanatural.com\\\/wp-content\\\/uploads\\\/2025\\\/10\\\/Group-1-6.png\",\"contentUrl\":\"https:\\\/\\\/mimoscosmeticanatural.com\\\/wp-content\\\/uploads\\\/2025\\\/10\\\/Group-1-6.png\",\"width\":909,\"height\":909,\"caption\":\"MIMOS Cosm\u00e9tica Natural\"},\"image\":{\"@id\":\"https:\\\/\\\/mimoscosmeticanatural.com\\\/#\\\/schema\\\/logo\\\/image\\\/\"}}]}<\/script>\n<!-- \/ Yoast SEO plugin. -->","yoast_head_json":{"title":"ustainable Beauty Blog | Eco-Friendly Skincare &amp; Haircare Tips | MIMOS","description":"Explore MIMOS Natural Cosmetics Blog \u2014 your source for sustainable beauty tips, eco-friendly skincare routines, zero waste hair care, and natural living inspiration.","robots":{"index":"index","follow":"follow","max-snippet":"max-snippet:-1","max-image-preview":"max-image-preview:large","max-video-preview":"max-video-preview:-1"},"canonical":"https:\/\/mimoscosmeticanatural.com\/en\/blog\/","og_locale":"en_US","og_type":"article","og_title":"Tips para cuidar tu cabello y piel con productos ecol\u00f3gicos | MIMOS | Cosm\u00e9tica Natural","og_description":"Explora el blog de MIMOS Cosm\u00e9tica Natural. Aprende sobre shampoo s\u00f3lido, tratamientos naturales para el cabello, jabones ecol\u00f3gicos y consejos para una belleza sostenible y sin qu\u00edmicos.","og_url":"https:\/\/mimoscosmeticanatural.com\/en\/blog\/","og_site_name":"MIMOS | Cosm\u00e9tica Natural","article_modified_time":"2025-11-03T17:07:36+00:00","og_image":[{"width":2197,"height":882,"url":"https:\/\/mimoscosmeticanatural.com\/wp-content\/uploads\/2025\/11\/Frame-12-1.png","type":"image\/png"}],"twitter_card":"summary_large_image","schema":{"@context":"https:\/\/schema.org","@graph":[{"@type":"WebPage","@id":"https:\/\/mimoscosmeticanatural.com\/blog\/","url":"https:\/\/mimoscosmeticanatural.com\/blog\/","name":"ustainable Beauty Blog | Eco-Friendly Skincare &amp; Haircare Tips | MIMOS","isPartOf":{"@id":"https:\/\/mimoscosmeticanatural.com\/#website"},"datePublished":"2025-10-21T14:12:34+00:00","dateModified":"2025-11-03T17:07:36+00:00","description":"Explore MIMOS Natural Cosmetics Blog \u2014 your source for sustainable beauty tips, eco-friendly skincare routines, zero waste hair care, and natural living inspiration.","breadcrumb":{"@id":"https:\/\/mimoscosmeticanatural.com\/blog\/#breadcrumb"},"inLanguage":"en-US","potentialAction":[{"@type":"ReadAction","target":["https:\/\/mimoscosmeticanatural.com\/blog\/"]}]},{"@type":"BreadcrumbList","@id":"https:\/\/mimoscosmeticanatural.com\/blog\/#breadcrumb","itemListElement":[{"@type":"ListItem","position":1,"name":"Inicio","item":"https:\/\/mimoscosmeticanatural.com\/"},{"@type":"ListItem","position":2,"name":"Blog"}]},{"@type":"WebSite","@id":"https:\/\/mimoscosmeticanatural.com\/#website","url":"https:\/\/mimoscosmeticanatural.com\/","name":"MIMOS | Cosm\u00e9tica Natural","description":"","publisher":{"@id":"https:\/\/mimoscosmeticanatural.com\/#organization"},"potentialAction":[{"@type":"SearchAction","target":{"@type":"EntryPoint","urlTemplate":"https:\/\/mimoscosmeticanatural.com\/?s={search_term_string}"},"query-input":{"@type":"PropertyValueSpecification","valueRequired":true,"valueName":"search_term_string"}}],"inLanguage":"en-US"},{"@type":"Organization","@id":"https:\/\/mimoscosmeticanatural.com\/#organization","name":"MIMOS Cosm\u00e9tica Natural","url":"https:\/\/mimoscosmeticanatural.com\/","logo":{"@type":"ImageObject","inLanguage":"en-US","@id":"https:\/\/mimoscosmeticanatural.com\/#\/schema\/logo\/image\/","url":"https:\/\/mimoscosmeticanatural.com\/wp-content\/uploads\/2025\/10\/Group-1-6.png","contentUrl":"https:\/\/mimoscosmeticanatural.com\/wp-content\/uploads\/2025\/10\/Group-1-6.png","width":909,"height":909,"caption":"MIMOS Cosm\u00e9tica Natural"},"image":{"@id":"https:\/\/mimoscosmeticanatural.com\/#\/schema\/logo\/image\/"}}]}},"_hostinger_reach_plugin_has_subscription_block":false,"_hostinger_reach_plugin_is_elementor":false,"_links":{"self":[{"href":"https:\/\/mimoscosmeticanatural.com\/en\/wp-json\/wp\/v2\/pages\/77","targetHints":{"allow":["GET"]}}],"collection":[{"href":"https:\/\/mimoscosmeticanatural.com\/en\/wp-json\/wp\/v2\/pages"}],"about":[{"href":"https:\/\/mimoscosmeticanatural.com\/en\/wp-json\/wp\/v2\/types\/page"}],"author":[{"embeddable":true,"href":"https:\/\/mimoscosmeticanatural.com\/en\/wp-json\/wp\/v2\/users\/1"}],"replies":[{"embeddable":true,"href":"https:\/\/mimoscosmeticanatural.com\/en\/wp-json\/wp\/v2\/comments?post=77"}],"version-history":[{"count":22,"href":"https:\/\/mimoscosmeticanatural.com\/en\/wp-json\/wp\/v2\/pages\/77\/revisions"}],"predecessor-version":[{"id":1070,"href":"https:\/\/mimoscosmeticanatural.com\/en\/wp-json\/wp\/v2\/pages\/77\/revisions\/1070"}],"wp:attachment":[{"href":"https:\/\/mimoscosmeticanatural.com\/en\/wp-json\/wp\/v2\/media?parent=77"}],"curies":[{"name":"wp","href":"https:\/\/api.w.org\/{rel}","templated":true}]}}