{"id":59,"date":"2025-10-21T14:07:00","date_gmt":"2025-10-21T14:07:00","guid":{"rendered":"https:\/\/mimoscosmeticanatural.com\/?page_id=59"},"modified":"2026-01-12T20:02:43","modified_gmt":"2026-01-12T20:02:43","slug":"contact","status":"publish","type":"page","link":"https:\/\/mimoscosmeticanatural.com\/en\/contact\/","title":{"rendered":"Contact"},"content":{"rendered":"<div data-elementor-type=\"wp-page\" data-elementor-id=\"59\" class=\"elementor elementor-59\" data-elementor-post-type=\"page\">\n\t\t\t\t<section class=\"elementor-element elementor-element-b231750 e-con-full e-flex e-con e-parent\" data-id=\"b231750\" data-element_type=\"container\">\n\t\t<div class=\"elementor-element elementor-element-eef34b5 e-con-full e-flex e-con e-child\" data-id=\"eef34b5\" data-element_type=\"container\" data-settings=\"{&quot;background_background&quot;:&quot;classic&quot;}\">\n\t\t\t\t<\/div>\n\t\t<div class=\"elementor-element elementor-element-11a14ae e-con-full e-flex e-con e-child\" data-id=\"11a14ae\" data-element_type=\"container\">\n\t\t\t\t<div class=\"elementor-element elementor-element-c277a53 elementor-widget elementor-widget-heading\" data-id=\"c277a53\" data-element_type=\"widget\" data-widget_type=\"heading.default\">\n\t\t\t\t\t<h1 class=\"elementor-heading-title elementor-size-default\">Contact us<\/h1>\t\t\t\t<\/div>\n\t\t\t\t<div class=\"elementor-element elementor-element-821b506 elementor-widget elementor-widget-heading\" data-id=\"821b506\" data-element_type=\"widget\" data-widget_type=\"heading.default\">\n\t\t\t\t\t<p class=\"elementor-heading-title elementor-size-default\">If you have questions, comments, or want more information about our products, we\u2019ll be happy to hear from you.\nFill out the form, and we\u2019ll get back to you as soon as possible.<\/p>\t\t\t\t<\/div>\n\t\t\t\t<div class=\"elementor-element elementor-element-c545ffe elementor-icon-list--layout-inline elementor-mobile-align-center elementor-list-item-link-full_width elementor-widget elementor-widget-icon-list\" data-id=\"c545ffe\" data-element_type=\"widget\" data-widget_type=\"icon-list.default\">\n\t\t\t\t\t\t\t<ul class=\"elementor-icon-list-items elementor-inline-items\">\n\t\t\t\t\t\t\t<li class=\"elementor-icon-list-item elementor-inline-item\">\n\t\t\t\t\t\t\t\t\t\t\t<span class=\"elementor-icon-list-icon\">\n\t\t\t\t\t\t\t<i aria-hidden=\"true\" class=\"lnr lnr-phone-handset\"><\/i>\t\t\t\t\t\t<\/span>\n\t\t\t\t\t\t\t\t\t\t<span class=\"elementor-icon-list-text\">208 447-8524<\/span>\n\t\t\t\t\t\t\t\t\t<\/li>\n\t\t\t\t\t\t\t\t<li class=\"elementor-icon-list-item elementor-inline-item\">\n\t\t\t\t\t\t\t\t\t\t\t<span class=\"elementor-icon-list-icon\">\n\t\t\t\t\t\t\t<i aria-hidden=\"true\" class=\"icon_mail_alt\"><\/i>\t\t\t\t\t\t<\/span>\n\t\t\t\t\t\t\t\t\t\t<span class=\"elementor-icon-list-text\">mimos.26cosmeticanatural@gmail.com<\/span>\n\t\t\t\t\t\t\t\t\t<\/li>\n\t\t\t\t\t\t<\/ul>\n\t\t\t\t\t\t<\/div>\n\t\t\t\t<div class=\"elementor-element elementor-element-e4318a9 elementor-button-align-stretch elementor-widget elementor-widget-form\" data-id=\"e4318a9\" data-element_type=\"widget\" data-settings=\"{&quot;step_next_label&quot;:&quot;Next&quot;,&quot;step_previous_label&quot;:&quot;Previous&quot;,&quot;button_width&quot;:&quot;100&quot;,&quot;step_type&quot;:&quot;number_text&quot;,&quot;step_icon_shape&quot;:&quot;circle&quot;}\" data-widget_type=\"form.default\">\n\t\t\t\t\t\t\t<form class=\"elementor-form\" method=\"post\" name=\"Contacto\" aria-label=\"Contact\" action=\"\">\r\n\t\t\t<input type=\"hidden\" name=\"post_id\" value=\"59\"\/>\r\n\t\t\t<input type=\"hidden\" name=\"form_id\" value=\"e4318a9\"\/>\r\n\t\t\t<input type=\"hidden\" name=\"referer_title\" value=\"MIMOS | Cosm\u00e9tica Natural\" \/>\r\n\r\n\t\t\t\r\n\t\t\t<div class=\"elementor-form-fields-wrapper elementor-labels-above\">\r\n\t\t\t\t\t\t\t\t<div class=\"elementor-field-type-text elementor-field-group elementor-column elementor-field-group-nombre elementor-col-100 elementor-field-required\">\r\n\t\t\t\t\t\t\t\t\t\t\t\t<label for=\"form-field-nombre\" class=\"elementor-field-label\">\r\n\t\t\t\t\t\t\t\tName\t\t\t\t\t\t\t<\/label>\r\n\t\t\t\t\t\t\t\t\t\t\t\t\t\t<input size=\"1\" type=\"text\" name=\"form_fields[nombre]\" id=\"form-field-nombre\" class=\"elementor-field elementor-size-sm  elementor-field-textual\" required=\"required\">\r\n\t\t\t\t\t\t\t\t\t\t\t<\/div>\r\n\t\t\t\t\t\t\t\t<div class=\"elementor-field-type-email elementor-field-group elementor-column elementor-field-group-email elementor-col-100 elementor-field-required\">\r\n\t\t\t\t\t\t\t\t\t\t\t\t<label for=\"form-field-email\" class=\"elementor-field-label\">\r\n\t\t\t\t\t\t\t\tEmail\t\t\t\t\t\t\t<\/label>\r\n\t\t\t\t\t\t\t\t\t\t\t\t\t\t<input size=\"1\" type=\"email\" name=\"form_fields[email]\" id=\"form-field-email\" class=\"elementor-field elementor-size-sm  elementor-field-textual\" required=\"required\">\r\n\t\t\t\t\t\t\t\t\t\t\t<\/div>\r\n\t\t\t\t\t\t\t\t<div class=\"elementor-field-type-textarea elementor-field-group elementor-column elementor-field-group-mensaje elementor-col-100\">\r\n\t\t\t\t\t\t\t\t\t\t\t\t<label for=\"form-field-mensaje\" class=\"elementor-field-label\">\r\n\t\t\t\t\t\t\t\tMessage\t\t\t\t\t\t\t<\/label>\r\n\t\t\t\t\t\t<textarea class=\"elementor-field-textual elementor-field  elementor-size-sm\" name=\"form_fields[mensaje]\" id=\"form-field-mensaje\" rows=\"4\"><\/textarea>\t\t\t\t<\/div>\r\n\t\t\t\t\t\t\t\t<div class=\"elementor-field-group elementor-column elementor-field-type-submit elementor-col-100 e-form__buttons\">\r\n\t\t\t\t\t<button class=\"elementor-button elementor-size-sm\" type=\"submit\">\r\n\t\t\t\t\t\t<span class=\"elementor-button-content-wrapper\">\r\n\t\t\t\t\t\t\t\t\t\t\t\t\t\t\t\t\t\t\t\t\t\t<span class=\"elementor-button-text\">Send<\/span>\r\n\t\t\t\t\t\t\t\t\t\t\t\t\t<\/span>\r\n\t\t\t\t\t<\/button>\r\n\t\t\t\t<\/div>\r\n\t\t\t<\/div>\r\n\t\t<input type=\"hidden\" name=\"trp-form-language\" value=\"en\"\/><\/form>\r\n\t\t\t\t\t\t<\/div>\n\t\t\t\t<\/div>\n\t\t\t\t<\/section>\n\t\t\t\t<\/div>","protected":false},"excerpt":{"rendered":"<p>Cont\u00e1ctanos Si tienes dudas, comentarios o quieres m\u00e1s informaci\u00f3n sobre nuestros productos, estaremos felices de leerte. Completa el formulario y [&hellip;]<\/p>","protected":false},"author":1,"featured_media":0,"parent":0,"menu_order":0,"comment_status":"closed","ping_status":"closed","template":"","meta":{"site-sidebar-layout":"no-sidebar","site-content-layout":"","ast-site-content-layout":"full-width-container","site-content-style":"default","site-sidebar-style":"default","ast-global-header-display":"","ast-banner-title-visibility":"","ast-main-header-display":"","ast-hfb-above-header-display":"","ast-hfb-below-header-display":"","ast-hfb-mobile-header-display":"","site-post-title":"disabled","ast-breadcrumbs-content":"","ast-featured-img":"disabled","footer-sml-layout":"","ast-disable-related-posts":"","theme-transparent-header-meta":"default","adv-header-id-meta":"","stick-header-meta":"","header-above-stick-meta":"","header-main-stick-meta":"","header-below-stick-meta":"","astra-migrate-meta-layouts":"set","ast-page-background-enabled":"default","ast-page-background-meta":{"desktop":{"background-color":"var(--ast-global-color-5)","background-image":"","background-repeat":"repeat","background-position":"center center","background-size":"auto","background-attachment":"scroll","background-type":"","background-media":"","overlay-type":"","overlay-color":"","overlay-opacity":"","overlay-gradient":""},"tablet":{"background-color":"","background-image":"","background-repeat":"repeat","background-position":"center center","background-size":"auto","background-attachment":"scroll","background-type":"","background-media":"","overlay-type":"","overlay-color":"","overlay-opacity":"","overlay-gradient":""},"mobile":{"background-color":"","background-image":"","background-repeat":"repeat","background-position":"center center","background-size":"auto","background-attachment":"scroll","background-type":"","background-media":"","overlay-type":"","overlay-color":"","overlay-opacity":"","overlay-gradient":""}},"ast-content-background-meta":{"desktop":{"background-color":"var(--ast-global-color-4)","background-image":"","background-repeat":"repeat","background-position":"center center","background-size":"auto","background-attachment":"scroll","background-type":"","background-media":"","overlay-type":"","overlay-color":"","overlay-opacity":"","overlay-gradient":""},"tablet":{"background-color":"var(--ast-global-color-4)","background-image":"","background-repeat":"repeat","background-position":"center center","background-size":"auto","background-attachment":"scroll","background-type":"","background-media":"","overlay-type":"","overlay-color":"","overlay-opacity":"","overlay-gradient":""},"mobile":{"background-color":"var(--ast-global-color-4)","background-image":"","background-repeat":"repeat","background-position":"center center","background-size":"auto","background-attachment":"scroll","background-type":"","background-media":"","overlay-type":"","overlay-color":"","overlay-opacity":"","overlay-gradient":""}},"footnotes":""},"class_list":["post-59","page","type-page","status-publish","hentry"],"yoast_head":"<!-- This site is optimized with the Yoast SEO plugin v26.9 - https:\/\/yoast.com\/product\/yoast-seo-wordpress\/ -->\n<title>Contacto | MIMOS | Cosm\u00e9tica Natural<\/title>\n<meta name=\"robots\" content=\"index, follow, max-snippet:-1, max-image-preview:large, max-video-preview:-1\" \/>\n<link rel=\"canonical\" href=\"https:\/\/mimoscosmeticanatural.com\/en\/contact\/\" \/>\n<meta property=\"og:locale\" content=\"en_US\" \/>\n<meta property=\"og:type\" content=\"article\" \/>\n<meta property=\"og:title\" content=\"Contacto | MIMOS | Cosm\u00e9tica Natural\" \/>\n<meta property=\"og:description\" content=\"Cont\u00e1ctanos Si tienes dudas, comentarios o quieres m\u00e1s informaci\u00f3n sobre nuestros productos, estaremos felices de leerte. Completa el formulario y [&hellip;]\" \/>\n<meta property=\"og:url\" content=\"https:\/\/mimoscosmeticanatural.com\/en\/contact\/\" \/>\n<meta property=\"og:site_name\" content=\"MIMOS | Cosm\u00e9tica Natural\" \/>\n<meta property=\"article:modified_time\" content=\"2026-01-12T20:02:43+00:00\" \/>\n<meta property=\"og:image\" content=\"https:\/\/mimoscosmeticanatural.com\/wp-content\/uploads\/2025\/11\/Frame-12-1.png\" \/>\n\t<meta property=\"og:image:width\" content=\"2197\" \/>\n\t<meta property=\"og:image:height\" content=\"882\" \/>\n\t<meta property=\"og:image:type\" content=\"image\/png\" \/>\n<meta name=\"twitter:card\" content=\"summary_large_image\" \/>\n<script type=\"application\/ld+json\" class=\"yoast-schema-graph\">{\"@context\":\"https:\/\/schema.org\",\"@graph\":[{\"@type\":\"WebPage\",\"@id\":\"https:\/\/mimoscosmeticanatural.com\/contacto\/\",\"url\":\"https:\/\/mimoscosmeticanatural.com\/contacto\/\",\"name\":\"Contacto | MIMOS | Cosm\u00e9tica Natural\",\"isPartOf\":{\"@id\":\"https:\/\/mimoscosmeticanatural.com\/#website\"},\"datePublished\":\"2025-10-21T14:07:00+00:00\",\"dateModified\":\"2026-01-12T20:02:43+00:00\",\"breadcrumb\":{\"@id\":\"https:\/\/mimoscosmeticanatural.com\/contacto\/#breadcrumb\"},\"inLanguage\":\"en-US\",\"potentialAction\":[{\"@type\":\"ReadAction\",\"target\":[\"https:\/\/mimoscosmeticanatural.com\/contacto\/\"]}]},{\"@type\":\"BreadcrumbList\",\"@id\":\"https:\/\/mimoscosmeticanatural.com\/contacto\/#breadcrumb\",\"itemListElement\":[{\"@type\":\"ListItem\",\"position\":1,\"name\":\"Inicio\",\"item\":\"https:\/\/mimoscosmeticanatural.com\/\"},{\"@type\":\"ListItem\",\"position\":2,\"name\":\"Contacto\"}]},{\"@type\":\"WebSite\",\"@id\":\"https:\/\/mimoscosmeticanatural.com\/#website\",\"url\":\"https:\/\/mimoscosmeticanatural.com\/\",\"name\":\"MIMOS | Cosm\u00e9tica Natural\",\"description\":\"\",\"publisher\":{\"@id\":\"https:\/\/mimoscosmeticanatural.com\/#organization\"},\"potentialAction\":[{\"@type\":\"SearchAction\",\"target\":{\"@type\":\"EntryPoint\",\"urlTemplate\":\"https:\/\/mimoscosmeticanatural.com\/?s={search_term_string}\"},\"query-input\":{\"@type\":\"PropertyValueSpecification\",\"valueRequired\":true,\"valueName\":\"search_term_string\"}}],\"inLanguage\":\"en-US\"},{\"@type\":\"Organization\",\"@id\":\"https:\/\/mimoscosmeticanatural.com\/#organization\",\"name\":\"MIMOS Cosm\u00e9tica Natural\",\"url\":\"https:\/\/mimoscosmeticanatural.com\/\",\"logo\":{\"@type\":\"ImageObject\",\"inLanguage\":\"en-US\",\"@id\":\"https:\/\/mimoscosmeticanatural.com\/#\/schema\/logo\/image\/\",\"url\":\"https:\/\/mimoscosmeticanatural.com\/wp-content\/uploads\/2025\/10\/Group-1-6.png\",\"contentUrl\":\"https:\/\/mimoscosmeticanatural.com\/wp-content\/uploads\/2025\/10\/Group-1-6.png\",\"width\":909,\"height\":909,\"caption\":\"MIMOS Cosm\u00e9tica Natural\"},\"image\":{\"@id\":\"https:\/\/mimoscosmeticanatural.com\/#\/schema\/logo\/image\/\"}}]}<\/script>\n<!-- \/ Yoast SEO plugin. -->","yoast_head_json":{"title":"Contact | MIMOS","robots":{"index":"index","follow":"follow","max-snippet":"max-snippet:-1","max-image-preview":"max-image-preview:large","max-video-preview":"max-video-preview:-1"},"canonical":"https:\/\/mimoscosmeticanatural.com\/en\/contact\/","og_locale":"en_US","og_type":"article","og_title":"Contacto | MIMOS | Cosm\u00e9tica Natural","og_description":"Cont\u00e1ctanos Si tienes dudas, comentarios o quieres m\u00e1s informaci\u00f3n sobre nuestros productos, estaremos felices de leerte. Completa el formulario y [&hellip;]","og_url":"https:\/\/mimoscosmeticanatural.com\/en\/contact\/","og_site_name":"MIMOS | Cosm\u00e9tica Natural","article_modified_time":"2026-01-12T20:02:43+00:00","og_image":[{"width":2197,"height":882,"url":"https:\/\/mimoscosmeticanatural.com\/wp-content\/uploads\/2025\/11\/Frame-12-1.png","type":"image\/png"}],"twitter_card":"summary_large_image","schema":{"@context":"https:\/\/schema.org","@graph":[{"@type":"WebPage","@id":"https:\/\/mimoscosmeticanatural.com\/contacto\/","url":"https:\/\/mimoscosmeticanatural.com\/contacto\/","name":"Contact | MIMOS","isPartOf":{"@id":"https:\/\/mimoscosmeticanatural.com\/#website"},"datePublished":"2025-10-21T14:07:00+00:00","dateModified":"2026-01-12T20:02:43+00:00","breadcrumb":{"@id":"https:\/\/mimoscosmeticanatural.com\/contacto\/#breadcrumb"},"inLanguage":"en-US","potentialAction":[{"@type":"ReadAction","target":["https:\/\/mimoscosmeticanatural.com\/contacto\/"]}]},{"@type":"BreadcrumbList","@id":"https:\/\/mimoscosmeticanatural.com\/contacto\/#breadcrumb","itemListElement":[{"@type":"ListItem","position":1,"name":"Inicio","item":"https:\/\/mimoscosmeticanatural.com\/"},{"@type":"ListItem","position":2,"name":"Contacto"}]},{"@type":"WebSite","@id":"https:\/\/mimoscosmeticanatural.com\/#website","url":"https:\/\/mimoscosmeticanatural.com\/","name":"MIMOS | Cosm\u00e9tica Natural","description":"","publisher":{"@id":"https:\/\/mimoscosmeticanatural.com\/#organization"},"potentialAction":[{"@type":"SearchAction","target":{"@type":"EntryPoint","urlTemplate":"https:\/\/mimoscosmeticanatural.com\/?s={search_term_string}"},"query-input":{"@type":"PropertyValueSpecification","valueRequired":true,"valueName":"search_term_string"}}],"inLanguage":"en-US"},{"@type":"Organization","@id":"https:\/\/mimoscosmeticanatural.com\/#organization","name":"MIMOS Cosm\u00e9tica Natural","url":"https:\/\/mimoscosmeticanatural.com\/","logo":{"@type":"ImageObject","inLanguage":"en-US","@id":"https:\/\/mimoscosmeticanatural.com\/#\/schema\/logo\/image\/","url":"https:\/\/mimoscosmeticanatural.com\/wp-content\/uploads\/2025\/10\/Group-1-6.png","contentUrl":"https:\/\/mimoscosmeticanatural.com\/wp-content\/uploads\/2025\/10\/Group-1-6.png","width":909,"height":909,"caption":"MIMOS Cosm\u00e9tica Natural"},"image":{"@id":"https:\/\/mimoscosmeticanatural.com\/#\/schema\/logo\/image\/"}}]}},"_hostinger_reach_plugin_has_subscription_block":false,"_hostinger_reach_plugin_is_elementor":false,"_links":{"self":[{"href":"https:\/\/mimoscosmeticanatural.com\/en\/wp-json\/wp\/v2\/pages\/59","targetHints":{"allow":["GET"]}}],"collection":[{"href":"https:\/\/mimoscosmeticanatural.com\/en\/wp-json\/wp\/v2\/pages"}],"about":[{"href":"https:\/\/mimoscosmeticanatural.com\/en\/wp-json\/wp\/v2\/types\/page"}],"author":[{"embeddable":true,"href":"https:\/\/mimoscosmeticanatural.com\/en\/wp-json\/wp\/v2\/users\/1"}],"replies":[{"embeddable":true,"href":"https:\/\/mimoscosmeticanatural.com\/en\/wp-json\/wp\/v2\/comments?post=59"}],"version-history":[{"count":37,"href":"https:\/\/mimoscosmeticanatural.com\/en\/wp-json\/wp\/v2\/pages\/59\/revisions"}],"predecessor-version":[{"id":1229,"href":"https:\/\/mimoscosmeticanatural.com\/en\/wp-json\/wp\/v2\/pages\/59\/revisions\/1229"}],"wp:attachment":[{"href":"https:\/\/mimoscosmeticanatural.com\/en\/wp-json\/wp\/v2\/media?parent=59"}],"curies":[{"name":"wp","href":"https:\/\/api.w.org\/{rel}","templated":true}]}}